{"id":57,"date":"2022-11-05T16:03:50","date_gmt":"2022-11-05T15:03:50","guid":{"rendered":"https:\/\/www.lern-mit-martina.at\/?page_id=57"},"modified":"2022-11-08T19:38:58","modified_gmt":"2022-11-08T18:38:58","slug":"vorbereitung-fuer-das-virtuelle-treffen","status":"publish","type":"page","link":"https:\/\/www.lern-mit-martina.at\/?page_id=57","title":{"rendered":"Vorbereitung f\u00fcr das virtuelle Treffen"},"content":{"rendered":"\n<p>Um ein erfolgreiches virtuelles Treffen zu haben, m\u00fcssen Lernende und Lehrende vorbereitet sein. <\/p>\n\n\n\n<p><strong>Information von Lernenden f\u00fcr Lehrende<\/strong><\/p>\n\n\n\n<p>Es ist wichtig, dass Lehrende rechtzeitig wissen, f\u00fcr welche Lerninhalte Hilfe ben\u00f6tigt wird.<\/p>\n\n\n\n<p><strong>F\u00fcr Nachhilfe braucht man folgende Informationen:<\/strong><\/p>\n\n\n\n<ul class=\"wp-block-list\">\n<li>Schultyp<\/li>\n\n\n\n<li>Schulstufe oder Klasse<\/li>\n\n\n\n<li>Schulbuch (Titel, Autor und Verlag)<\/li>\n\n\n\n<li>Stoffgebiet<\/li>\n\n\n\n<li>Art der Hilfe ben\u00f6tigt: Verstehen des Inhalts, Haus\u00fcbung, Testvorbereitung, &#8230;<\/li>\n<\/ul>\n\n\n\n<p><strong>Vorbereitung des Lernenden f\u00fcr das virtuelle Treffen<\/strong><\/p>\n\n\n\n<ul class=\"wp-block-list\">\n<li>Ein Heft, das nur f\u00fcr diese Treffen verwendet wird<\/li>\n\n\n\n<li>Kugelschreiber, Bleistift, Farbstifte#, Textmarker#, Lineal (wenn ben\u00f6tigt), Schere, \u2026<\/li>\n\n\n\n<li>(Farbiges) Papier ohne Linien oder K\u00e4stchen#<\/li>\n\n\n\n<li>F\u00fcr Nachhilfe: Schulbuch, Schulhefte, Haus\u00fcbungshefte, &#8230;<\/li>\n<\/ul>\n\n\n\n<p>#Dieses Zubeh\u00f6r kann sehr hilfreich sein. Die Lernenden werden selber entscheiden, was ihnen am besten hilft.<\/p>\n\n\n\n<p><strong>Kurz vor dem virtuellen Treffen<\/strong><\/p>\n\n\n\n<ul class=\"wp-block-list\">\n<li>Internet Verbindung pr\u00fcfen<\/li>\n\n\n\n<li>Kamera und Mikrofon pr\u00fcfen<\/li>\n<\/ul>\n","protected":false},"excerpt":{"rendered":"<p>Um ein erfolgreiches virtuelles Treffen zu haben, m\u00fcssen Lernende und Lehrende vorbereitet sein. Information von Lernenden f\u00fcr Lehrende Es ist wichtig, dass Lehrende rechtzeitig wissen, f\u00fcr welche Lerninhalte Hilfe ben\u00f6tigt wird. F\u00fcr Nachhilfe braucht man folgende Informationen: Vorbereitung des Lernenden f\u00fcr das virtuelle Treffen #Dieses Zubeh\u00f6r kann sehr hilfreich sein. Die Lernenden werden selber entscheiden, [&hellip;]<\/p>\n","protected":false},"author":1,"featured_media":0,"parent":0,"menu_order":0,"comment_status":"closed","ping_status":"closed","template":"","meta":{"footnotes":""},"class_list":["post-57","page","type-page","status-publish","hentry"],"_links":{"self":[{"href":"https:\/\/www.lern-mit-martina.at\/index.php?rest_route=\/wp\/v2\/pages\/57","targetHints":{"allow":["GET"]}}],"collection":[{"href":"https:\/\/www.lern-mit-martina.at\/index.php?rest_route=\/wp\/v2\/pages"}],"about":[{"href":"https:\/\/www.lern-mit-martina.at\/index.php?rest_route=\/wp\/v2\/types\/page"}],"author":[{"embeddable":true,"href":"https:\/\/www.lern-mit-martina.at\/index.php?rest_route=\/wp\/v2\/users\/1"}],"replies":[{"embeddable":true,"href":"https:\/\/www.lern-mit-martina.at\/index.php?rest_route=%2Fwp%2Fv2%2Fcomments&post=57"}],"version-history":[{"count":4,"href":"https:\/\/www.lern-mit-martina.at\/index.php?rest_route=\/wp\/v2\/pages\/57\/revisions"}],"predecessor-version":[{"id":88,"href":"https:\/\/www.lern-mit-martina.at\/index.php?rest_route=\/wp\/v2\/pages\/57\/revisions\/88"}],"wp:attachment":[{"href":"https:\/\/www.lern-mit-martina.at\/index.php?rest_route=%2Fwp%2Fv2%2Fmedia&parent=57"}],"curies":[{"name":"wp","href":"https:\/\/api.w.org\/{rel}","templated":true}]}}