{"id":17,"date":"2022-10-30T19:27:09","date_gmt":"2022-10-30T18:27:09","guid":{"rendered":"https:\/\/www.lern-mit-martina.at\/?page_id=17"},"modified":"2022-11-18T20:31:48","modified_gmt":"2022-11-18T19:31:48","slug":"dr-martina-elfriede-bachlechner","status":"publish","type":"page","link":"https:\/\/www.lern-mit-martina.at\/?page_id=17","title":{"rendered":"Dr. Martina Elfriede Bachlechner"},"content":{"rendered":"\n<figure class=\"wp-block-image size-full\"><img loading=\"lazy\" decoding=\"async\" width=\"765\" height=\"498\" src=\"https:\/\/www.lern-mit-martina.at\/wp-content\/uploads\/2022\/11\/Lern-mit-Martina-Dr-Martina-Bachlechner-2.jpg\" alt=\"\" class=\"wp-image-116\" srcset=\"https:\/\/www.lern-mit-martina.at\/wp-content\/uploads\/2022\/11\/Lern-mit-Martina-Dr-Martina-Bachlechner-2.jpg 765w, https:\/\/www.lern-mit-martina.at\/wp-content\/uploads\/2022\/11\/Lern-mit-Martina-Dr-Martina-Bachlechner-2-300x195.jpg 300w\" sizes=\"auto, (max-width: 765px) 100vw, 765px\" \/><figcaption class=\"wp-element-caption\">Lern mit Martina &#8211; Dr. Martina Elfriede Bachlechner<\/figcaption><\/figure>\n\n\n\n<p>Schon w\u00e4hrend meiner Gymnasialzeit am Wirtschaftskundlichen Realgymnasium f\u00fcr M\u00e4dchen, erteilte ich Nachhilfe in Mathematik. Einige meiner Schulfreundinnen hatten es nicht so leicht, Mathematik zu verstehen, die Haus\u00fcbungen richtig zu machen und bei Tests und Schularbeiten gut abzuschneiden.<\/p>\n\n\n\n<p>W\u00e4hrend meines Studiums an der Johannes Kepler Universit\u00e4t in Linz (Mag.rer.nat. f\u00fcr Lehramt Mathematik und Physik, Diplom Ingenieur und Doktorat f\u00fcr Technische Physik) und meiner anschlie\u00dfenden Unterrichtst\u00e4tigkeit an Colleges in den USA, half ich immer wieder Kindern von Freunden bei Problemen mit der Mathematik.<\/p>\n\n\n\n<p>Au\u00dferdem erkannte ich im Zuge meiner Physikvorlesungen, dass meinen Studenten nicht so sehr das physikalische Verst\u00e4ndnis fehlte, sondern vielmehr die F\u00e4higkeit, (Erkenntnisse der) Physik in die Sprache der Mathematik umzusetzen.<\/p>\n\n\n\n<p>Wenn ich diese Studenten dann in sp\u00e4teren Semestern zuf\u00e4llig traf, berichteten mir viele, dass \u201e<em>das Lernen, wie man Mathematik und Physik lernt\u201c<\/em>&nbsp;\u00e4u\u00dferst hilfreich war, denn sie konnten diese bew\u00e4hrten Methoden auch in anderen F\u00e4chern anwenden.<\/p>\n\n\n\n<p>\u00dcbrigens, falls es f\u00fcr Dich \/ Sie leichter ist, kann ich unsere Treffen auch in Englisch halten.<\/p>\n\n\n\n<p>By the way, if it is easier for you, I can&nbsp;<strong>also<\/strong>&nbsp;lead our meetings in English.<\/p>\n","protected":false},"excerpt":{"rendered":"<p>Schon w\u00e4hrend meiner Gymnasialzeit am Wirtschaftskundlichen Realgymnasium f\u00fcr M\u00e4dchen, erteilte ich Nachhilfe in Mathematik. Einige meiner Schulfreundinnen hatten es nicht so leicht, Mathematik zu verstehen, die Haus\u00fcbungen richtig zu machen und bei Tests und Schularbeiten gut abzuschneiden. W\u00e4hrend meines Studiums an der Johannes Kepler Universit\u00e4t in Linz (Mag.rer.nat. f\u00fcr Lehramt Mathematik und Physik, Diplom Ingenieur [&hellip;]<\/p>\n","protected":false},"author":1,"featured_media":0,"parent":0,"menu_order":0,"comment_status":"closed","ping_status":"closed","template":"","meta":{"footnotes":""},"class_list":["post-17","page","type-page","status-publish","hentry"],"_links":{"self":[{"href":"https:\/\/www.lern-mit-martina.at\/index.php?rest_route=\/wp\/v2\/pages\/17","targetHints":{"allow":["GET"]}}],"collection":[{"href":"https:\/\/www.lern-mit-martina.at\/index.php?rest_route=\/wp\/v2\/pages"}],"about":[{"href":"https:\/\/www.lern-mit-martina.at\/index.php?rest_route=\/wp\/v2\/types\/page"}],"author":[{"embeddable":true,"href":"https:\/\/www.lern-mit-martina.at\/index.php?rest_route=\/wp\/v2\/users\/1"}],"replies":[{"embeddable":true,"href":"https:\/\/www.lern-mit-martina.at\/index.php?rest_route=%2Fwp%2Fv2%2Fcomments&post=17"}],"version-history":[{"count":11,"href":"https:\/\/www.lern-mit-martina.at\/index.php?rest_route=\/wp\/v2\/pages\/17\/revisions"}],"predecessor-version":[{"id":117,"href":"https:\/\/www.lern-mit-martina.at\/index.php?rest_route=\/wp\/v2\/pages\/17\/revisions\/117"}],"wp:attachment":[{"href":"https:\/\/www.lern-mit-martina.at\/index.php?rest_route=%2Fwp%2Fv2%2Fmedia&parent=17"}],"curies":[{"name":"wp","href":"https:\/\/api.w.org\/{rel}","templated":true}]}}