{"id":13,"date":"2022-10-30T20:11:06","date_gmt":"2022-10-30T19:11:06","guid":{"rendered":"https:\/\/www.lern-mit-martina.at\/?page_id=13"},"modified":"2023-11-23T07:23:53","modified_gmt":"2023-11-23T06:23:53","slug":"virtuelle-traditionelle-nachhilfe-plus","status":"publish","type":"page","link":"https:\/\/www.lern-mit-martina.at\/?page_id=13","title":{"rendered":"Virtuelle Traditionelle Nachhilfe Plus"},"content":{"rendered":"\n<figure class=\"wp-block-image size-full\"><img loading=\"lazy\" decoding=\"async\" width=\"764\" height=\"498\" src=\"https:\/\/www.lern-mit-martina.at\/wp-content\/uploads\/2022\/11\/Lern-mit-Martina-Virtuelle-Nachhilfe-plus-2.jpg\" alt=\"\" class=\"wp-image-112\" srcset=\"https:\/\/www.lern-mit-martina.at\/wp-content\/uploads\/2022\/11\/Lern-mit-Martina-Virtuelle-Nachhilfe-plus-2.jpg 764w, https:\/\/www.lern-mit-martina.at\/wp-content\/uploads\/2022\/11\/Lern-mit-Martina-Virtuelle-Nachhilfe-plus-2-300x196.jpg 300w\" sizes=\"auto, (max-width: 764px) 100vw, 764px\" \/><figcaption class=\"wp-element-caption\">Lern mit Martina &#8211; Virtuelle Traditionelle Nachhilfe Plus<\/figcaption><\/figure>\n\n\n\n<p><strong>Virtuelle Nachhilfe in Mathematik f\u00fcr Lernende in allen MS, AHS, BMS, BHS, HTL, FHS und Unis mit Tipps, wie man mathematische Inhalte und Methoden am besten lernen und behalten kann.<\/strong><\/p>\n\n\n\n<p>Und wie soll ich mir das alles merken?<\/p>\n\n\n\n<p>Oft habe ich diese oder \u00e4hnliche Fragen von Sch\u00fclern geh\u00f6rt. Deshalb habe ich mir angew\u00f6hnt, in meinen Nachhilfestunden auch immer sicher zu gehen, dass ich nicht nur die Konzepte erkl\u00e4re &#8211; theoretisch oder auf ein bestimmtes Beispiel angewandt, sondern auch die Sch\u00fcler selbst Lernhilfen vorbereiten lasse. Nach mehreren Stunden gemeinsamer Arbeit wissen die Sch\u00fcler dann bald, wo sie in ihren eigenen Notizen die vorhergelernten Konzepte und Methoden wieder finden k\u00f6nnen. Es freut mich dann immer, wenn die Sch\u00fcler mich weniger und weniger brauchen, wobei ich immer betone, dass ich nach wie vor f\u00fcr neue und alte Fragen zur Verf\u00fcgung stehe.<\/p>\n\n\n\n<p>\u00dcbrigens, falls es f\u00fcr Dich \/ Sie leichter ist, kann ich unsere Treffen auch in Englisch halten.<\/p>\n\n\n\n<p>By the way, if it is easier for you, I can&nbsp;<strong>also<\/strong>&nbsp;lead our meetings in English.<\/p>\n","protected":false},"excerpt":{"rendered":"<p>Virtuelle Nachhilfe in Mathematik f\u00fcr Lernende in allen MS, AHS, BMS, BHS, HTL, FHS und Unis mit Tipps, wie man mathematische Inhalte und Methoden am besten lernen und behalten kann. Und wie soll ich mir das alles merken? Oft habe ich diese oder \u00e4hnliche Fragen von Sch\u00fclern geh\u00f6rt. Deshalb habe ich mir angew\u00f6hnt, in meinen [&hellip;]<\/p>\n","protected":false},"author":1,"featured_media":0,"parent":0,"menu_order":0,"comment_status":"closed","ping_status":"closed","template":"","meta":{"footnotes":""},"class_list":["post-13","page","type-page","status-publish","hentry"],"_links":{"self":[{"href":"https:\/\/www.lern-mit-martina.at\/index.php?rest_route=\/wp\/v2\/pages\/13","targetHints":{"allow":["GET"]}}],"collection":[{"href":"https:\/\/www.lern-mit-martina.at\/index.php?rest_route=\/wp\/v2\/pages"}],"about":[{"href":"https:\/\/www.lern-mit-martina.at\/index.php?rest_route=\/wp\/v2\/types\/page"}],"author":[{"embeddable":true,"href":"https:\/\/www.lern-mit-martina.at\/index.php?rest_route=\/wp\/v2\/users\/1"}],"replies":[{"embeddable":true,"href":"https:\/\/www.lern-mit-martina.at\/index.php?rest_route=%2Fwp%2Fv2%2Fcomments&post=13"}],"version-history":[{"count":13,"href":"https:\/\/www.lern-mit-martina.at\/index.php?rest_route=\/wp\/v2\/pages\/13\/revisions"}],"predecessor-version":[{"id":133,"href":"https:\/\/www.lern-mit-martina.at\/index.php?rest_route=\/wp\/v2\/pages\/13\/revisions\/133"}],"wp:attachment":[{"href":"https:\/\/www.lern-mit-martina.at\/index.php?rest_route=%2Fwp%2Fv2%2Fmedia&parent=13"}],"curies":[{"name":"wp","href":"https:\/\/api.w.org\/{rel}","templated":true}]}}